{"id":646,"date":"2017-04-09T15:02:14","date_gmt":"2017-04-09T13:02:55","guid":{"rendered":"http:\/\/www.presepenelbosco.it\/?page_id=646"},"modified":"2025-10-30T08:27:02","modified_gmt":"2025-10-30T07:27:02","slug":"confraternita-san-bartolomeo-viganego","status":"publish","type":"page","link":"https:\/\/www.presepenelbosco.it\/index.php\/confraternita-san-bartolomeo-viganego\/","title":{"rendered":"Confraternita"},"content":{"rendered":"<div style=\"border-radius: 1.5em; padding: 3em; border: 2px solid transparent; margin: 5px auto; background-image: url('https:\/\/www.presepenelbosco.it\/wp-content\/uploads\/2017\/05\/a_a96b96c12Cd12Ce0f0g64hE8B593271838i74j20k45l129m129-1.jpg');\"><img loading=\"lazy\" decoding=\"async\" class=\"aligncenter wp-image-4467 size-full\" src=\"https:\/\/www.presepenelbosco.it\/wp-content\/uploads\/2020\/10\/IMG_0961-4536180.jpg\" alt=\"img_0961\" width=\"1024\" height=\"768\" srcset=\"https:\/\/www.presepenelbosco.it\/wp-content\/uploads\/2020\/10\/IMG_0961-4536180.jpg 1024w, https:\/\/www.presepenelbosco.it\/wp-content\/uploads\/2020\/10\/IMG_0961-4536180-300x225.jpg 300w, https:\/\/www.presepenelbosco.it\/wp-content\/uploads\/2020\/10\/IMG_0961-4536180-768x576.jpg 768w, https:\/\/www.presepenelbosco.it\/wp-content\/uploads\/2020\/10\/IMG_0961-4536180-250x188.jpg 250w, https:\/\/www.presepenelbosco.it\/wp-content\/uploads\/2020\/10\/IMG_0961-4536180-550x413.jpg 550w, https:\/\/www.presepenelbosco.it\/wp-content\/uploads\/2020\/10\/IMG_0961-4536180-800x600.jpg 800w, https:\/\/www.presepenelbosco.it\/wp-content\/uploads\/2020\/10\/IMG_0961-4536180-240x180.jpg 240w, https:\/\/www.presepenelbosco.it\/wp-content\/uploads\/2020\/10\/IMG_0961-4536180-400x300.jpg 400w, https:\/\/www.presepenelbosco.it\/wp-content\/uploads\/2020\/10\/IMG_0961-4536180-667x500.jpg 667w\" sizes=\"auto, (max-width: 1024px) 100vw, 1024px\" \/><\/div>\n<div style=\"padding: 10px; border-radius: 1.5em; margin: 0 auto; background-color: #ffffc2; text-align: center; border: 1px solid green;\"><span style=\"font-size: 28px; color: #ff6600;\"><strong> Grazie !!!<\/strong><\/span>&nbsp;&nbsp;&nbsp;<\/p>\n<p style=\"font-size: 18px; font-family: arial; margin: 0 auto;\">Grazie per aver aperto la pagina dedicata alla nostra Confraternita, per noi il motore di tutto; la nostra forza, che unisce Confratelli e Consorelle, anche se sempre meno, ma non per questo poco vitali!<br \/>\nLe prime testimonianze sulla Confraternita San Bartolomeo di Viganego risalgono a prima della seconda met\u00e0 del Cinquecento e attraverso i secoli, grazie alla Fede e all&#8217;impegno dei Confratelli che l&#8217;hanno composta, superando non pochi problemi, si \u00e8 arrivati ai giorni nostri. (nel 1811 la Confraternita dovette cessare l&#8217;attivit\u00e0, che riprese nel 1819 a causa delle requisizioni napoleoniche)<br \/>\nDal 2012 \u00e8 nostro compito con umilt\u00e0 e determinazione proseguire a dare vita alla Confraternita adeguandoci ai tempi, lasciando terreno fertile per chi verr\u00e0 dopo di noi, cos\u00ec come \u00e8 stato fatto da chi ci ha preceduti.<br \/>\nQuesto sito ne \u00e8 un esempio, ma non il solo. Il nostro Oratorio (assolutamente da visitare) \u00e8 fulcro delle attivit\u00e0 confraternali, posto poco sopra la nuova chiesa ed il Presepe nel Bosco, ha svolto per anni (1928-1965) le funzioni parrocchiali a causa di un cedimento della vecchia chiesa dichiarata inagibile e poi demolita, (aperto solo su richiesta) conserva al suo interno i Cristi processionali, i quali vengono esposti in chiesa in occasione delle feste parrocchiali per essere portati in processione.<br \/>\n<img loading=\"lazy\" decoding=\"async\" class=\"wp-image-1153 size-wcsmall aligncenter\" src=\"http:\/\/www.presepenelbosco.it\/wp-content\/uploads\/2017\/06\/word-image-8-e1496610942436-250x333.jpeg\" alt=\"\" width=\"250\" height=\"333\" srcset=\"https:\/\/www.presepenelbosco.it\/wp-content\/uploads\/2017\/06\/word-image-8-e1496610942436-250x333.jpeg 250w, https:\/\/www.presepenelbosco.it\/wp-content\/uploads\/2017\/06\/word-image-8-e1496610942436-225x300.jpeg 225w, https:\/\/www.presepenelbosco.it\/wp-content\/uploads\/2017\/06\/word-image-8-e1496610942436-135x180.jpeg 135w, https:\/\/www.presepenelbosco.it\/wp-content\/uploads\/2017\/06\/word-image-8-e1496610942436-376x500.jpeg 376w, https:\/\/www.presepenelbosco.it\/wp-content\/uploads\/2017\/06\/word-image-8-e1496610942436.jpeg 520w\" sizes=\"auto, (max-width: 250px) 100vw, 250px\" \/>La prima domenica di Luglio ricorre la solennit\u00e0 di N.S. di Montallegro, dopo i Vespri, come da tradizione, accompagnata dalla banda musicale, segue la processione con gli artistici crocifissi e l&#8217;arca della Beata Vergine.<br \/>\n<img loading=\"lazy\" decoding=\"async\" class=\"wp-image-3861 size-full aligncenter\" src=\"https:\/\/www.presepenelbosco.it\/wp-content\/uploads\/2017\/12\/fajdaced-e1499330239474-5945268.png\" alt=\"fajdaced-e1499330239474-5945268\" width=\"144\" height=\"196\" srcset=\"https:\/\/www.presepenelbosco.it\/wp-content\/uploads\/2017\/12\/fajdaced-e1499330239474-5945268.png 144w, https:\/\/www.presepenelbosco.it\/wp-content\/uploads\/2017\/12\/fajdaced-e1499330239474-5945268-132x180.png 132w\" sizes=\"auto, (max-width: 144px) 100vw, 144px\" \/>Vorremmo anche segnalare la suggestiva processione, in occasione della festivit\u00e0 di N.S. della Neve che si svolge la prima domenica di Agosto per le <em>cr\u00eauze<\/em> del paese con il nostro Cristo processionale detto &#8220;morettino,&#8221; illuminato da delle piccole luci, che nella notte ne risaltano la Sua bellezza creando un&#8217;atmosfera calda e di preghiera.<br \/>\n<img loading=\"lazy\" decoding=\"async\" class=\"aligncenter wp-image-3106 size-full\" src=\"https:\/\/www.presepenelbosco.it\/wp-content\/uploads\/2017\/08\/jjhifaei.png\" alt=\"\" width=\"272\" height=\"454\" srcset=\"https:\/\/www.presepenelbosco.it\/wp-content\/uploads\/2017\/08\/jjhifaei.png 272w, https:\/\/www.presepenelbosco.it\/wp-content\/uploads\/2017\/08\/jjhifaei-180x300.png 180w, https:\/\/www.presepenelbosco.it\/wp-content\/uploads\/2017\/08\/jjhifaei-250x417.png 250w, https:\/\/www.presepenelbosco.it\/wp-content\/uploads\/2017\/08\/jjhifaei-108x180.png 108w\" sizes=\"auto, (max-width: 272px) 100vw, 272px\" \/>Da qualche tempo \u00e8 nato un attivo gemellaggio con la Confraternita di San Fruttuoso di Rosso di Davagna: la messa in pratica dello spirito di fratellanza a sostegno gli uni degli altri e per questo ringraziamo il Priore e tutti i cari Confratelli.<br \/>\nAnche se si contano poche persone iscritte alla Confraternita (mentre si legge che nel 1770 nella visita del Vescovo Lercari quasi tutta la popolazione era ascritta alla Confraternita!)<br \/>\ni Confratelli e le Consorelle che la compongono si dedicano principalmente alle attivit\u00e0 spirituali e all&#8217;organizzazione e manutenzione dell&#8217;Oratorio e del presepe.<br \/>\nIl Presepe impegna i volontari per quasi tutti i mesi dell&#8217;anno,(ora che stiamo scrivendo questo testo \u00e8 giugno) non si fa in tempo a riporre le statuine che subito occorre riunirci per decidere le linee da seguire per l&#8217;apertura successiva ed il lavoro \u00e8 sempre molto!<br \/>\nOccorre ricordare Cosimo Tondo, il nostro Mino, padre del <em><strong><span style=\"color: #ff6600;\">Presepe nel Bosco<\/span><\/strong><\/em> colui che ha segnato la strada, il cui scopo \u00e8 la raccolta di offerte per la costruzione del campanile visto che la nuova chiesa ne \u00e8 tutt&#8217;ora sprovvista.<br \/>\nForse, riflettendo meglio, la strada che ci ha voluto segnare \u00e8 unicamente la strada dell&#8217;amore verso il prossimo (ricordiamo la sua partecipazione ad alcune missioni in Africa) infatti la raccolta delle offerte al presepe sono devolute in parte ai nostri fratelli pi\u00f9 bisognosi di qualunque etnia e credo in modo diretto o attraverso associazioni.<br \/>\nL&#8217;immagine della forza di dedizione verso il prossimo per noi pu\u00f2 essere rappresentata da questa foto:<br \/>\n<img loading=\"lazy\" decoding=\"async\" class=\"aligncenter wp-image-1711 size-wcfixedheight\" src=\"http:\/\/www.presepenelbosco.it\/wp-content\/uploads\/2017\/06\/presepe-002-336x500.jpg\" alt=\"\" width=\"336\" height=\"500\" srcset=\"https:\/\/www.presepenelbosco.it\/wp-content\/uploads\/2017\/06\/presepe-002-336x500.jpg 336w, https:\/\/www.presepenelbosco.it\/wp-content\/uploads\/2017\/06\/presepe-002-202x300.jpg 202w, https:\/\/www.presepenelbosco.it\/wp-content\/uploads\/2017\/06\/presepe-002-768x1143.jpg 768w, https:\/\/www.presepenelbosco.it\/wp-content\/uploads\/2017\/06\/presepe-002-688x1024.jpg 688w, https:\/\/www.presepenelbosco.it\/wp-content\/uploads\/2017\/06\/presepe-002-250x372.jpg 250w, https:\/\/www.presepenelbosco.it\/wp-content\/uploads\/2017\/06\/presepe-002-550x818.jpg 550w, https:\/\/www.presepenelbosco.it\/wp-content\/uploads\/2017\/06\/presepe-002-800x1190.jpg 800w, https:\/\/www.presepenelbosco.it\/wp-content\/uploads\/2017\/06\/presepe-002-121x180.jpg 121w\" sizes=\"auto, (max-width: 336px) 100vw, 336px\" \/>Per il campanile ci sar\u00e0 ancora del tempo&#8230;&#8230;. non dimentichiamo per\u00f2, chi negli anni ha sperato e creduto nella sua costruzione lasciando delle offerte alla parrocchia.<br \/>\nCi piacerebbe che questi Fratelli,si potessero unire alla Confraternita per collaborare al fine di raggiungere lo scopo desiderato nei modi corretti senza dimenticare il prossimo.La Confraternita di San Bartolomeo Vi aspetta dunque a vedere il nostro presepe nel bosco con gli occhi del cuore e per chi lo vorr\u00e0 anche alle nostre Feste che richiamano la tradizione e la famiglia.<\/p>\n<p><span style=\"font-size: 18px;\"><strong>Fraternamente<\/strong>.<\/span><\/p>\n<p><strong><span style=\"font-size: 20px;\">Il Consiglio direttivo.<\/span><\/strong><\/p>\n<p><strong><em>Roberto Flavia Angelo<\/em><\/strong><\/p>\n<hr>\n<p>Per chi lo desideri \u00e8 possibile contattarci all&#8217;indirizzo mail: <em><a style=\"color: #0000ff;\" href=\"mailto:confsanbartolomeovig@gmail.com\">confsanbartolomeovig@gmail.com<\/a><\/em><br \/>\nE\u2019 possibile diventare confratelli della Confraternita di San Bartolomeo Apostolo:<br \/>\ntramite oblazione annuale di 10,00 Euro \u2013<br \/>\nper ulteriori info chiamare i seguenti <a href=\"http:\/\/www.presepenelbosco.it\/index.php\/contatti\/\"><strong><em><span style=\"color: #0000ff;\">contatti.<\/span><\/em><\/strong><\/a><\/p>\n<\/div>\n","protected":false},"excerpt":{"rendered":"<p>Grazie !!!&nbsp;&nbsp;&nbsp; Grazie per aver aperto la pagina dedicata alla nostra Confraternita, per noi il motore di tutto; la nostra<\/p>\n","protected":false},"author":1,"featured_media":0,"parent":0,"menu_order":15,"comment_status":"closed","ping_status":"closed","template":"","meta":{"colormag_page_layout":"no_sidebar_content_centered","_crdt_document":"","_exactmetrics_skip_tracking":false,"_exactmetrics_sitenote_active":false,"_exactmetrics_sitenote_note":"","_exactmetrics_sitenote_category":0,"_monsterinsights_skip_tracking":false,"_monsterinsights_sitenote_active":false,"_monsterinsights_sitenote_note":"","_monsterinsights_sitenote_category":0,"ngg_post_thumbnail":0,"footnotes":"","_links_to":"","_links_to_target":""},"class_list":["post-646","page","type-page","status-publish","hentry"],"jetpack_sharing_enabled":true,"_links":{"self":[{"href":"https:\/\/www.presepenelbosco.it\/index.php\/wp-json\/wp\/v2\/pages\/646","targetHints":{"allow":["GET"]}}],"collection":[{"href":"https:\/\/www.presepenelbosco.it\/index.php\/wp-json\/wp\/v2\/pages"}],"about":[{"href":"https:\/\/www.presepenelbosco.it\/index.php\/wp-json\/wp\/v2\/types\/page"}],"author":[{"embeddable":true,"href":"https:\/\/www.presepenelbosco.it\/index.php\/wp-json\/wp\/v2\/users\/1"}],"replies":[{"embeddable":true,"href":"https:\/\/www.presepenelbosco.it\/index.php\/wp-json\/wp\/v2\/comments?post=646"}],"version-history":[{"count":426,"href":"https:\/\/www.presepenelbosco.it\/index.php\/wp-json\/wp\/v2\/pages\/646\/revisions"}],"predecessor-version":[{"id":8562,"href":"https:\/\/www.presepenelbosco.it\/index.php\/wp-json\/wp\/v2\/pages\/646\/revisions\/8562"}],"wp:attachment":[{"href":"https:\/\/www.presepenelbosco.it\/index.php\/wp-json\/wp\/v2\/media?parent=646"}],"curies":[{"name":"wp","href":"https:\/\/api.w.org\/{rel}","templated":true}]}}