{"id":3594,"date":"2017-08-24T10:24:14","date_gmt":"2017-08-24T08:24:14","guid":{"rendered":"http:\/\/www.presepenelbosco.it\/?page_id=3594"},"modified":"2024-11-11T14:06:47","modified_gmt":"2024-11-11T13:06:47","slug":"cenni-storici","status":"publish","type":"page","link":"https:\/\/www.presepenelbosco.it\/index.php\/confraternita-san-bartolomeo-viganego\/cenni-storici\/","title":{"rendered":"Cenni storici"},"content":{"rendered":"<p style=\"text-align: center;\"><span style=\"font-size: 34px; color: #0000ff; font-weight: 900; text-align: center;\">Alcuni cenni storici circa la nascita della Confraternita San Bartolomeo in Viganego<\/span><\/p>\n<div style=\"; padding: 15px; border-radius: 25px; margin: 0 auto; background: beige; text-align: center; border: 0.1em solid green;\">\n<p style=\"font-size: 18px; font-family: arial;\">Secondo uno studio svolto dalla Professoressa Fausta Franchini Guelfi le prime notizie riguardanti la Confraternita di San Bartolomeo risalgono al 1582.<br \/>\nIn quell&#8217;anno Mons. Francesco Bossio fu inviato come visitatore Apostolico, nella diocesi di Genova per verificare la situazione di chiese e oratori e nella sua relazione \u201dLiber Visitationen et Decretorum\u201d registra ,infatti decreti:\u201dPro Casaccia San Bartolomei\u201d<br \/>\nEsisteva dunque in Viganego un oratorio di Casaccia, ossia pi\u00f9 Confraternite sotto il<br \/>\ntitolo di San Bartolomeo.<br \/>\nTali decreti riguardavano la posizione dell&#8217;altare, la fornitura delle suppellettili liturgiche necessarie alle celebrazioni. Se tali decreti venivano disattesi ci sarebbe stata una pena pecuniaria e una conseguente interdizione.<br \/>\nL&#8217;Oratorio per\u00f2 non possedeva regole scritte. Se si esclude il Parroco pochi sapevano leggere e scrivere quindi la Confraternita e nella fattispecie l&#8217;Oratorio di Viganego venivano governati secondo le tradizioni e le usanze trasmesse oralmente.<br \/>\nIn primis fra tutte\u201dLa cena del Gioved\u00ec Santo\u201d. Ogni anno si svolgeva questo rito comunitario importantissimo per la convivenza pacifica e civile dei Confratelli di Viganego, ma osteggiato dalle gerarchie ecclesiastiche con l&#8217;accusa di \u201cgozzovigliare\u201d.<br \/>\nSolo nel 1681 compare, nel libro dei conti tenuto dal Parroco, la spesa relativa al men\u00f9 ,composto da pane,vino e \u201dtonnina\u201d ossia tonno sotto sale condito con olio e limone. I piatti le posate e i \u201cgotti\u201dvenivano addirittura affittati. In seguito compaiono poi le confetture mentre nella lista della spesa non sono elencate le castagne poich\u00e9 messe a disposizione dai Confratelli che possedevano i castagneti.<br \/>\nNonostante una dichiarata conflittualit\u00e0 fra Oratori e Chiesa, nell&#8217;oratorio di Viganego<br \/>\nil Parroco assume incarichi di fiducia : a lui ad esempio spetta il compito di presiedere alla nomina del Priore e del Sottopriore (1720).E&#8217; sempre il Parroco che tiene il libro dei conti: tramite offerte e lasciti, le casse dell&#8217;Oratorio si arricchiscono; non tutto per\u00f2 viene disperso in cibo ma viene impiegato per la manutenzione dell&#8217;Oratorio e per l&#8217;acquisto di opere d&#8217;arte come \u201cIl martirio di San Bartolomeo\u201d pala d&#8217;altare tutt&#8217;ora presente.<\/p>\n<div align=\"center\"><img loading=\"lazy\" decoding=\"async\" class=\"aligncenter\" style=\"cursor: -moz-zoom-in;\" title=\"Martirio di San Bartolomeo\" src=\"http:\/\/www.presepenelbosco.it\/wp-content\/uploads\/2017\/04\/oratorio-005-916x1024.jpg\" alt=\"\" width=\"344\" height=\"384\"><\/div>\n<p style=\"font-size: 18px; font-family: arial;\">Inoltre nel 1629 veniva realizzata una balaustra in pietra che delimita ancora oggi il presbiterio. Le forme assai semplici,sono state ricoperte da una vernice bianca che nasconde il colore della pietra.<br \/>\nPiccolo inciso storico: in seguito alla vittoria di Lepanto (Impero Spagnolo contro Impero Ottomano) attribuita alla protezione della Madonna del Rosario, fu istituita nel 1617 la Compagnia del Rosario a cui si unirono la Compagnia del SS. Sacramento e la Compagnia di San Rocco. Erano definite Confraternite di Chiesa e vi parteciparono molti dei Confratelli degli Oratori di San Bartolomeo e nella Compagnia del Rosario vennero ascritte regolarmente anche le donne: le \u201cPriore del Rosario\u201d che non avevano per\u00f2 possibilit\u00e0 di essere ammesse al consiglio n\u00e9 svolgere poteri direttivi. La cosiddetta Masseria si occupava dell&#8217;altare maggiore,del suo addobbo e fra le altre cose del mantenimento dell&#8217;olio delle lampade del Santissimo.<br \/>\nAnche queste Confraternite di Chiesa investirono buona parte dei loro redditi nell&#8217;arredo e nelle immagini.<br \/>\nLa Chiesa si arricch\u00ec di un magnifico altare e una raffinata balaustra (attualmente posti alla parete sinistra della nostra Chiesa)<img loading=\"lazy\" decoding=\"async\" class=\"aligncenter wp-image-1854 size-wcstandard\" src=\"http:\/\/www.presepenelbosco.it\/wp-content\/uploads\/2017\/04\/oratorio-001-550x497.jpg\" alt=\"\" width=\"550\" height=\"497\" srcset=\"https:\/\/www.presepenelbosco.it\/wp-content\/uploads\/2017\/04\/oratorio-001-550x497.jpg 550w, https:\/\/www.presepenelbosco.it\/wp-content\/uploads\/2017\/04\/oratorio-001-300x271.jpg 300w, https:\/\/www.presepenelbosco.it\/wp-content\/uploads\/2017\/04\/oratorio-001-768x694.jpg 768w, https:\/\/www.presepenelbosco.it\/wp-content\/uploads\/2017\/04\/oratorio-001-1024x926.jpg 1024w, https:\/\/www.presepenelbosco.it\/wp-content\/uploads\/2017\/04\/oratorio-001-250x226.jpg 250w, https:\/\/www.presepenelbosco.it\/wp-content\/uploads\/2017\/04\/oratorio-001-800x723.jpg 800w, https:\/\/www.presepenelbosco.it\/wp-content\/uploads\/2017\/04\/oratorio-001-199x180.jpg 199w, https:\/\/www.presepenelbosco.it\/wp-content\/uploads\/2017\/04\/oratorio-001-332x300.jpg 332w, https:\/\/www.presepenelbosco.it\/wp-content\/uploads\/2017\/04\/oratorio-001-553x500.jpg 553w, https:\/\/www.presepenelbosco.it\/wp-content\/uploads\/2017\/04\/oratorio-001.jpg 1920w\" sizes=\"auto, (max-width: 550px) 100vw, 550px\" \/> e di una stupenda opera di A.M.Maragliano: la statua in legno policromo della Vergine col Bambino attualmente posta sopra l&#8217;altare maggiore della Chiesa e restaurata di recente.<br \/>\nNel 1755, nella relazione in occasione della sua visita Pastorale, il Vescovo Saporiti scriveva di \u201c &#8230; bona mobilia&#8230;.\u201d per il culto e la decorazione degli altari.<br \/>\nIn seguito la Repubblica Ligure nel 1798 decreta la requisizione degli argenti nelle chiese nei conventi e negli oratori mentre nel 1811 il governo napoleonico decreta addirittura la fine degli Oratori e ne assegna propriet\u00e0 e rendite alla Chiesa.<br \/>\nCacciati i Francesi, gli Oratori,quello di Viganego compreso,riaprirono nonostante le gravi difficolt\u00e0 economiche e organizzative.<br \/>\nTra il 1860\/62 dopo aver recuperato buona parte degli argenti ne furono comprati di nuovi: secondo il libro dei conti di Viganego furono spese 271 Lire per i \u201ccanti\u201d del Crocifisso e due anni dopo Lire 345 per dodici spighe e diciotto rosette argentate che completavano la decorazione. Inoltre , sempre dal Libro dei conti, il \u201cporto del Cristo\u201d ossia Confratelli che \u201cportavano il Cristo\u201d in processione, sostenne la spesa di 31,5 Lire per restauro del settecentesco Crocifisso.<br \/>\nIl patrimonio artistico pervenuto fino ai nostri giorni attesta che Viganego pur distante da Genova non era isolato culturalmente. Alla fine dell&#8217;ottocento furono acquistate vesti liturgiche preziosissime, commissionate ad artigiani genovesi come pure vari arredi e le immagini per l&#8217;Oratorio.<img loading=\"lazy\" decoding=\"async\" class=\"size-full wp-image-1997 aligncenter\" src=\"http:\/\/www.presepenelbosco.it\/wp-content\/uploads\/2017\/08\/oratorio-002-e1499327217199-8830960.jpg\" alt=\"oratorio-002-e1499327217199-8830960\" width=\"265\" height=\"400\"><\/p>\n<p><img loading=\"lazy\" decoding=\"async\" class=\"size-full wp-image-1998 aligncenter\" src=\"http:\/\/www.presepenelbosco.it\/wp-content\/uploads\/2017\/08\/oratorio-001-e1499327317694-1584158.jpg\" alt=\"oratorio-001-e1499327317694-1584158\" width=\"350\" height=\"234\"><\/p>\n<p style=\"font-size: 18px; font-family: arial;\">Occorre segnalare che le casse dell&#8217;Oratorio e della Chiesa di Viganego godevano di una certa prosperit\u00e0 dovuta a offerte,lasciti di boschi e terreni che affittati rendevano legna, grano , castagne e danaro,mentre la popolazione, Confratelli compresi, restava povera e forse la cena del Gioved\u00ec Santo era uno dei pochi pasti completi nel corso dell&#8217;anno.<br \/>\nUno dei recenti acquisti sostenuti dall&#8217;Oratorio di Viganego \u00e8 la cassa processionale costruita da un falegname altoatesino,su modello delle casse del settecento con decori in legno dorato, \u201c&#8230;voluti dalla committenza per restare nel solco della tradizione\u201d.<\/p>\n<figure id=\"attachment_1902\" aria-describedby=\"caption-attachment-1902\" style=\"width: 400px\" class=\"wp-caption aligncenter\"><a href=\"http:\/\/www.presepenelbosco.it\/wp-content\/uploads\/2017\/06\/oratorio-007.jpg\"><img loading=\"lazy\" decoding=\"async\" class=\"wp-image-1902 size-wccarousel\" src=\"http:\/\/www.presepenelbosco.it\/wp-content\/uploads\/2017\/06\/oratorio-007-400x285.jpg\" alt=\"\" width=\"400\" height=\"285\" srcset=\"https:\/\/www.presepenelbosco.it\/wp-content\/uploads\/2017\/06\/oratorio-007-400x285.jpg 400w, https:\/\/www.presepenelbosco.it\/wp-content\/uploads\/2017\/06\/oratorio-007-210x150.jpg 210w\" sizes=\"auto, (max-width: 400px) 100vw, 400px\" \/><\/a><figcaption id=\"caption-attachment-1902\" class=\"wp-caption-text\">Mons. Luigi Alfonso inaugura la cassa processionale dell&#8217;oratorio di San Bartolomeo di Viganego.(1999)<\/figcaption><\/figure>\n<p style=\"font-size: 18px; font-family: arial;\">L&#8217;Oratorio di Viganego dal 1928 ospit\u00f2 la sede e le funzioni parrocchiali. La Chiesa di Viganego infatti,gi\u00e0 dichiarata \u201c a pericolo notabile di cadere\u201d nella visita Pastorale del Vescovo Lercari del 1770, venne demolita e ricostruita solo nel 1965.<br \/>\n<img loading=\"lazy\" decoding=\"async\" class=\"size-medium wp-image-3057 aligncenter\" src=\"http:\/\/www.presepenelbosco.it\/wp-content\/uploads\/2017\/08\/img-varie-002-300x207.jpg\" alt=\"\" width=\"600\" height=\"414\" srcset=\"https:\/\/www.presepenelbosco.it\/wp-content\/uploads\/2017\/08\/img-varie-002-300x207.jpg 300w, https:\/\/www.presepenelbosco.it\/wp-content\/uploads\/2017\/08\/img-varie-002-768x531.jpg 768w, https:\/\/www.presepenelbosco.it\/wp-content\/uploads\/2017\/08\/img-varie-002-1024x707.jpg 1024w, https:\/\/www.presepenelbosco.it\/wp-content\/uploads\/2017\/08\/img-varie-002-130x90.jpg 130w, https:\/\/www.presepenelbosco.it\/wp-content\/uploads\/2017\/08\/img-varie-002-250x173.jpg 250w, https:\/\/www.presepenelbosco.it\/wp-content\/uploads\/2017\/08\/img-varie-002-550x380.jpg 550w, https:\/\/www.presepenelbosco.it\/wp-content\/uploads\/2017\/08\/img-varie-002-800x553.jpg 800w, https:\/\/www.presepenelbosco.it\/wp-content\/uploads\/2017\/08\/img-varie-002-261x180.jpg 261w, https:\/\/www.presepenelbosco.it\/wp-content\/uploads\/2017\/08\/img-varie-002-434x300.jpg 434w, https:\/\/www.presepenelbosco.it\/wp-content\/uploads\/2017\/08\/img-varie-002-724x500.jpg 724w, https:\/\/www.presepenelbosco.it\/wp-content\/uploads\/2017\/08\/img-varie-002.jpg 1760w\" sizes=\"auto, (max-width: 600px) 100vw, 600px\" \/><\/p>\n<hr>\n<hr>\n<p>Tratto da \u201cConfraternite Genovesi all&#8217;alba del terzo millennio\u201d<br \/>\nA cura di Luciano Venzano<br \/>\nErga edizioni.<\/p>\n<hr>\n<p>Per chi volesse approfondire la conoscenza sul patrimonio delle Confraternite Liguri, pu\u00f2 riferirsi alle numerose opere di catalogazione della Professoressa Fausta Franchini Guelfi.<\/p>\n<\/div>\n","protected":false},"excerpt":{"rendered":"<p>Alcuni cenni storici circa la nascita della Confraternita San Bartolomeo in Viganego Secondo uno studio svolto dalla Professoressa Fausta Franchini<\/p>\n","protected":false},"author":1,"featured_media":0,"parent":646,"menu_order":1,"comment_status":"closed","ping_status":"closed","template":"","meta":{"colormag_page_layout":"no_sidebar_content_centered","_crdt_document":"","_exactmetrics_skip_tracking":false,"_exactmetrics_sitenote_active":false,"_exactmetrics_sitenote_note":"","_exactmetrics_sitenote_category":0,"_monsterinsights_skip_tracking":false,"_monsterinsights_sitenote_active":false,"_monsterinsights_sitenote_note":"","_monsterinsights_sitenote_category":0,"ngg_post_thumbnail":0,"footnotes":"","_links_to":"","_links_to_target":""},"class_list":["post-3594","page","type-page","status-publish","hentry"],"jetpack_sharing_enabled":true,"_links":{"self":[{"href":"https:\/\/www.presepenelbosco.it\/index.php\/wp-json\/wp\/v2\/pages\/3594","targetHints":{"allow":["GET"]}}],"collection":[{"href":"https:\/\/www.presepenelbosco.it\/index.php\/wp-json\/wp\/v2\/pages"}],"about":[{"href":"https:\/\/www.presepenelbosco.it\/index.php\/wp-json\/wp\/v2\/types\/page"}],"author":[{"embeddable":true,"href":"https:\/\/www.presepenelbosco.it\/index.php\/wp-json\/wp\/v2\/users\/1"}],"replies":[{"embeddable":true,"href":"https:\/\/www.presepenelbosco.it\/index.php\/wp-json\/wp\/v2\/comments?post=3594"}],"version-history":[{"count":38,"href":"https:\/\/www.presepenelbosco.it\/index.php\/wp-json\/wp\/v2\/pages\/3594\/revisions"}],"predecessor-version":[{"id":7627,"href":"https:\/\/www.presepenelbosco.it\/index.php\/wp-json\/wp\/v2\/pages\/3594\/revisions\/7627"}],"up":[{"embeddable":true,"href":"https:\/\/www.presepenelbosco.it\/index.php\/wp-json\/wp\/v2\/pages\/646"}],"wp:attachment":[{"href":"https:\/\/www.presepenelbosco.it\/index.php\/wp-json\/wp\/v2\/media?parent=3594"}],"curies":[{"name":"wp","href":"https:\/\/api.w.org\/{rel}","templated":true}]}}