{"id":1507,"date":"2017-06-18T08:15:22","date_gmt":"2017-06-18T06:15:22","guid":{"rendered":"http:\/\/www.presepenelbosco.it\/?page_id=1507"},"modified":"2026-01-04T10:24:36","modified_gmt":"2026-01-04T09:24:36","slug":"commenti","status":"publish","type":"page","link":"https:\/\/www.presepenelbosco.it\/index.php\/a-viganego-di-bargagli\/commenti\/","title":{"rendered":"Commenti."},"content":{"rendered":"<p><span style=\"font-size: 20px; font-family: arial; width: 100%; margin: 0 auto; text-align: center; color: black;\">Compilate il modulo sottostante in ogni sua parte.<br \/>\nI Vs.commenti saranno pubblicati a nostra discrezione in questa pagina,le Vostre foto (formato jpg) saranno inserite nella &#8220;Galleria&#8221;. Per vedere i commenti che hanno scritto i Visitatori negli anni scorsi selezionate:<br \/>\ncommenti- <a href=\"https:\/\/www.presepenelbosco.it\/index.php\/dei-piccoli\/\"><span style=\"color: #0000ff;\">dei&#8221;piccoli&#8221;<\/span><\/a> oppure <span style=\"color: #0000ff;\"><a href=\"https:\/\/www.presepenelbosco.it\/index.php\/i-grandi\/\"><span style=\"color: #0000ff;\">dei&#8221;grandi&#8221;<\/span><\/a><\/span>.<\/span><br \/>\n\n<div class=\"wpcf7 no-js\" id=\"wpcf7-f7219-o1\" lang=\"it-IT\" dir=\"ltr\" data-wpcf7-id=\"7219\">\n<div class=\"screen-reader-response\"><p role=\"status\" aria-live=\"polite\" aria-atomic=\"true\"><\/p> <ul><\/ul><\/div>\n<form action=\"\/index.php\/wp-json\/wp\/v2\/pages\/1507#wpcf7-f7219-o1\" method=\"post\" class=\"wpcf7-form init\" aria-label=\"Modulo di contatto\" enctype=\"multipart\/form-data\" novalidate=\"novalidate\" data-status=\"init\">\n<fieldset class=\"hidden-fields-container\"><input type=\"hidden\" name=\"_wpcf7\" value=\"7219\" \/><input type=\"hidden\" name=\"_wpcf7_version\" value=\"6.1.3\" \/><input type=\"hidden\" name=\"_wpcf7_locale\" value=\"it_IT\" \/><input type=\"hidden\" name=\"_wpcf7_unit_tag\" value=\"wpcf7-f7219-o1\" \/><input type=\"hidden\" name=\"_wpcf7_container_post\" value=\"0\" \/><input type=\"hidden\" name=\"_wpcf7_posted_data_hash\" value=\"\" \/>\n<\/fieldset>\n<p><label> Il tuo nome<br \/>\n<span class=\"wpcf7-form-control-wrap\" data-name=\"your-name\"><input size=\"40\" maxlength=\"400\" class=\"wpcf7-form-control wpcf7-text wpcf7-validates-as-required\" autocomplete=\"name\" aria-required=\"true\" aria-invalid=\"false\" value=\"\" type=\"text\" name=\"your-name\" \/><\/span> <\/label>\n<\/p>\n<p><label> La tua email<br \/>\n<span class=\"wpcf7-form-control-wrap\" data-name=\"your-email\"><input size=\"40\" maxlength=\"400\" class=\"wpcf7-form-control wpcf7-email wpcf7-validates-as-required wpcf7-text wpcf7-validates-as-email\" autocomplete=\"email\" aria-required=\"true\" aria-invalid=\"false\" value=\"\" type=\"email\" name=\"your-email\" \/><\/span> <\/label>\n<\/p>\n<p><label> Oggetto<br \/>\n<span class=\"wpcf7-form-control-wrap\" data-name=\"your-subject\"><input size=\"40\" maxlength=\"400\" class=\"wpcf7-form-control wpcf7-text wpcf7-validates-as-required\" aria-required=\"true\" aria-invalid=\"false\" value=\"\" type=\"text\" name=\"your-subject\" \/><\/span> <\/label>\n<\/p>\n<p><label> Il tuo messaggio (facoltativo)<br \/>\n<span class=\"wpcf7-form-control-wrap\" data-name=\"your-message\"><textarea cols=\"40\" rows=\"10\" maxlength=\"2000\" class=\"wpcf7-form-control wpcf7-textarea\" aria-invalid=\"false\" name=\"your-message\"><\/textarea><\/span> <\/label>\n<\/p>\n<p><span class=\"wpcf7-form-control-wrap\" data-name=\"file-677\"><input size=\"40\" class=\"wpcf7-form-control wpcf7-file\" accept=\".jpg\" aria-invalid=\"false\" type=\"file\" name=\"file-677\" \/><\/span><span class=\"wpcf7-form-control-wrap\" data-name=\"file-237\"><input size=\"40\" class=\"wpcf7-form-control wpcf7-file\" accept=\".jpg\" aria-invalid=\"false\" type=\"file\" name=\"file-237\" \/><\/span><br \/>\n<span class=\"wpcf7-form-control-wrap\" data-name=\"file-763\"><input size=\"40\" class=\"wpcf7-form-control wpcf7-file\" accept=\".jpg\" aria-invalid=\"false\" type=\"file\" name=\"file-763\" \/><\/span><span class=\"wpcf7-form-control-wrap\" data-name=\"file-930\"><input size=\"40\" class=\"wpcf7-form-control wpcf7-file\" accept=\".jpg\" aria-invalid=\"false\" type=\"file\" name=\"file-930\" \/><\/span><br \/>\n<span class=\"wpcf7-form-control-wrap\" data-name=\"file-232\"><input size=\"40\" class=\"wpcf7-form-control wpcf7-file\" accept=\".jpg\" aria-invalid=\"false\" type=\"file\" name=\"file-232\" \/><\/span><span class=\"wpcf7-form-control-wrap\" data-name=\"file-331\"><input size=\"40\" class=\"wpcf7-form-control wpcf7-file\" accept=\".jpg\" aria-invalid=\"false\" type=\"file\" name=\"file-331\" \/><\/span>\n<\/p>\n<p><span class=\"wpcf7-form-control-wrap\" data-name=\"acceptance-914\"><span class=\"wpcf7-form-control wpcf7-acceptance\"><span class=\"wpcf7-list-item\"><label><input type=\"checkbox\" name=\"acceptance-914\" value=\"1\" aria-invalid=\"false\" \/><span class=\"wpcf7-list-item-label\">Consenso al trattamento dei dati come da GDPR.<\/span><\/label><\/span><\/span><\/span>\n<\/p>\n<p><input class=\"wpcf7-form-control wpcf7-submit has-spinner\" type=\"submit\" value=\"Invia\" \/>\n<\/p><p style=\"display: none !important;\" class=\"akismet-fields-container\" data-prefix=\"_wpcf7_ak_\"><label>&#916;<textarea name=\"_wpcf7_ak_hp_textarea\" cols=\"45\" rows=\"8\" maxlength=\"100\"><\/textarea><\/label><input type=\"hidden\" id=\"ak_js_1\" name=\"_wpcf7_ak_js\" value=\"211\"\/><script type=\"text\/javascript\">\n\/* <![CDATA[ *\/\ndocument.getElementById( \"ak_js_1\" ).setAttribute( \"value\", ( new Date() ).getTime() );\n\/* ]]> *\/\n<\/script>\n<\/p><div class=\"wpcf7-response-output\" aria-hidden=\"true\"><\/div>\n<\/form>\n<\/div>\n<\/p>\n<p style=\"text-align: center;\"><span style=\"font-size: 20px; font-family: arial; width: 100%; margin: 0 auto; text-align: center;\"><strong>A seguire alcuni commenti inviati dai visitatori del<br \/>\n<\/strong><strong><span style=\"color: #ff6600;\">Presepe nel Bosco<br \/>\n<\/span><\/strong> <strong> tramite mail dal 2017<\/strong><\/span><\/p>\n<div style=\"border: 0.1em solid green; width: 100%; border-radius: 1.5em; margin: 0 auto; background: white;\">\n<div style=\"font-size: 18px; font-weight: 600; padding: 10px;\">* Presepe da favola. In un angolo di bosco di castagno, magnifica ricostruzione di borgo appenninico con case interamente in pietra all&#8217; interno delle quali sono state ricostruite fedelmente scene di vita reale.<br \/>\nLa locanda, il castello, le attivit\u00e0 commerciali ed artigiane, il laghetto contorniamo la scena della Nativit\u00e0.<br \/>\nPersonalmente uno dei pi\u00f9 bei presepi visitati da sempre, che d\u00e0 vita al borgo di Viganego altrimenti non foriero di frequentazioni turistiche.<br \/>\nConsiglio visita preferibilmente in giorni feriali o non potendo meglio all&#8217; imbrunire all&#8217; accensione dell&#8217; illuminazione.<br \/>\nComplimenti pertanto al comitato che si occupa del mantenimento di questo gioiellino. Luigi A. 03\/01\/2026 ore 14:36<\/div>\n<div>&nbsp;<\/div>\n<div style=\"font-size: 18px; font-weight: 600; padding: 10px;\">*Io e il mio compagno siamo di Piacenza e abbiamo visitato il presepe alcuni anni fa. Quest&#8217;anno abbiamo scelto di ritornare perch\u00e9 \u00e8 sempre un&#8217;esperienza meravigliosa, uno dei presepi pi\u00f9 belli e caratteristici. Complimenti Hilde D. 07\/01\/2023 ore 20:32<\/div>\n<div>&nbsp;<\/div>\n<div style=\"font-size: 18px; font-weight: 600; padding: 10px;\">*Siamo stati questo pomeriggio, nonostante il maltempo, \u00e8 un luogo incantato di straordinaria bellezza. Ci si perde nello scoprire i particolari e la precisione con la quale sono realizzare le costruzioni in pietra, legno e ferro battuto. Un ringraziamento particolare alle persone che ci hanno accolto all\u2019ingresso, molto gentili e disponibili nel soddisfare la curiosit\u00e0 riguardo gli oggetti esposti. Marco C. 26\/12\/2017 ore 20:36<\/div>\n<\/div>\n","protected":false},"excerpt":{"rendered":"<p>Compilate il modulo sottostante in ogni sua parte. I Vs.commenti saranno pubblicati a nostra discrezione in questa pagina,le Vostre foto<\/p>\n","protected":false},"author":1,"featured_media":0,"parent":62,"menu_order":0,"comment_status":"closed","ping_status":"closed","template":"","meta":{"colormag_page_layout":"no_sidebar_content_centered","_crdt_document":"","_exactmetrics_skip_tracking":false,"_exactmetrics_sitenote_active":false,"_exactmetrics_sitenote_note":"","_exactmetrics_sitenote_category":0,"_monsterinsights_skip_tracking":false,"_monsterinsights_sitenote_active":false,"_monsterinsights_sitenote_note":"","_monsterinsights_sitenote_category":0,"ngg_post_thumbnail":0,"footnotes":"","_links_to":"","_links_to_target":""},"class_list":["post-1507","page","type-page","status-publish","hentry"],"jetpack_sharing_enabled":true,"_links":{"self":[{"href":"https:\/\/www.presepenelbosco.it\/index.php\/wp-json\/wp\/v2\/pages\/1507","targetHints":{"allow":["GET"]}}],"collection":[{"href":"https:\/\/www.presepenelbosco.it\/index.php\/wp-json\/wp\/v2\/pages"}],"about":[{"href":"https:\/\/www.presepenelbosco.it\/index.php\/wp-json\/wp\/v2\/types\/page"}],"author":[{"embeddable":true,"href":"https:\/\/www.presepenelbosco.it\/index.php\/wp-json\/wp\/v2\/users\/1"}],"replies":[{"embeddable":true,"href":"https:\/\/www.presepenelbosco.it\/index.php\/wp-json\/wp\/v2\/comments?post=1507"}],"version-history":[{"count":94,"href":"https:\/\/www.presepenelbosco.it\/index.php\/wp-json\/wp\/v2\/pages\/1507\/revisions"}],"predecessor-version":[{"id":9004,"href":"https:\/\/www.presepenelbosco.it\/index.php\/wp-json\/wp\/v2\/pages\/1507\/revisions\/9004"}],"up":[{"embeddable":true,"href":"https:\/\/www.presepenelbosco.it\/index.php\/wp-json\/wp\/v2\/pages\/62"}],"wp:attachment":[{"href":"https:\/\/www.presepenelbosco.it\/index.php\/wp-json\/wp\/v2\/media?parent=1507"}],"curies":[{"name":"wp","href":"https:\/\/api.w.org\/{rel}","templated":true}]}}